{"id":4153,"date":"2021-03-24T10:55:03","date_gmt":"2021-03-24T09:55:03","guid":{"rendered":"https:\/\/ewo-fluid-power.de\/?page_id=4153"},"modified":"2022-01-14T10:50:47","modified_gmt":"2022-01-14T09:50:47","slug":"hydraulikzylinder-mit-integrierten-funktionen","status":"publish","type":"page","link":"https:\/\/ewo-fluid-power.de\/en\/hydraulikzylinder-mit-integrierten-funktionen\/","title":{"rendered":"Hydraulic cylinders with integrated functions"},"content":{"rendered":"<!-- CWS Row --><div class=\"cws-content\" style=\"background-size:;\"><div class=\"vc_row wpb_row vc_row-fluid\"><div class=\"wpb_column vc_column_container vc_col-sm-6 cws-column\"><div class=\"cws_vc_column-inner\"><div class=\"wpb_column vc_column_container vc_col-sm-6\"><div class=\"vc_column-inner\"><div class=\"wpb_wrapper\">\n\t<div class=\"wpb_text_column wpb_content_element\" >\n\t\t<div class=\"wpb_wrapper\">\n\t\t\t<h2>Hydraulic cylinders with integrated functions<\/h2>\n\n\t\t<\/div>\n\t<\/div>\n<\/div><\/div><\/div><!-- CWS Column --> <\/div><\/div><div class=\"wpb_column vc_column_container vc_col-sm-6 cws-column\"><div class=\"cws_vc_column-inner\"><div class=\"wpb_column vc_column_container vc_col-sm-6\"><div class=\"vc_column-inner\"><div class=\"wpb_wrapper\">\n\t<div  class=\"wpb_single_image wpb_content_element vc_align_center\">\n\t\t\n\t\t<figure class=\"wpb_wrapper vc_figure\">\n\t\t\t<div class=\"vc_single_image-wrapper   vc_box_border_grey\"><img width=\"390\" height=\"220\" src=\"https:\/\/ewo-fluid-power.de\/wp-content\/uploads\/2021\/03\/0006HP_EWO_Produktion-Zylinder.jpg\" class=\"vc_single_image-img attachment-full\" alt=\"\" decoding=\"async\" loading=\"lazy\" srcset=\"https:\/\/ewo-fluid-power.de\/wp-content\/uploads\/2021\/03\/0006HP_EWO_Produktion-Zylinder.jpg 390w, https:\/\/ewo-fluid-power.de\/wp-content\/uploads\/2021\/03\/0006HP_EWO_Produktion-Zylinder-300x169.jpg 300w\" sizes=\"(max-width: 390px) 100vw, 390px\" \/><\/div>\n\t\t<\/figure>\n\t<\/div>\n<\/div><\/div><\/div><!-- CWS Column --> <\/div><\/div><\/div><\/div><!-- CWS Row --><div class=\"cws-content\" style=\"background-size:;\"><div class=\"vc_row wpb_row vc_row-fluid\"><div class=\"wpb_column vc_column_container vc_col-sm-12 cws-column\"><div class=\"cws_vc_column-inner\"><div class=\"wpb_column vc_column_container vc_col-sm-12\"><div class=\"vc_column-inner\"><div class=\"wpb_wrapper\"><div class=\"vc_empty_space\"   style=\"height: 32px\"><span class=\"vc_empty_space_inner\"><\/span><\/div>\n\t<div class=\"wpb_text_column wpb_content_element\" >\n\t\t<div class=\"wpb_wrapper\">\n\t\t\t<p>Here you will find an overview:<\/p>\n\n\t\t<\/div>\n\t<\/div>\n<div id='cws_vc_shortcode_acc_69feb84d9b92b'><div class=\"vc_tta-container\" data-vc-action=\"collapse\"><div class=\"vc_general vc_tta vc_tta-accordion vc_tta-o-shape-group vc_tta-controls-align-left\"><div class=\"vc_tta-panels-container\"><div class=\"vc_tta-panels\"><div class=\"vc_tta-panel vc_active\" id=\"1615892468941-f232e109-0bc0\" data-vc-content=\".vc_tta-panel-body\"><div class=\"vc_tta-panel-heading\"><h4 class=\"vc_tta-panel-title vc_tta-controls-icon-position-left\"><a href=\"#1615892468941-f232e109-0bc0\" data-vc-accordion data-vc-container=\".vc_tta-container\"><span class=\"vc_tta-title-text\">Cylinders with integrated oil supply<\/span><i class=\"vc_tta-controls-icon vc_tta-controls-icon-plus\"><\/i><\/a><\/h4><\/div><div class=\"vc_tta-panel-body\">\n\t<div class=\"wpb_text_column wpb_content_element\" >\n\t\t<div class=\"wpb_wrapper\">\n\t\t\t<p>When the appearance of the machine plays a special role, or when accessibility for the oil supply along the cylinder causes problems.<\/p>\n\n\t\t<\/div>\n\t<\/div>\n<\/div><\/div><div class=\"vc_tta-panel\" id=\"1615892468970-aab555f1-cd31\" data-vc-content=\".vc_tta-panel-body\"><div class=\"vc_tta-panel-heading\"><h4 class=\"vc_tta-panel-title vc_tta-controls-icon-position-left\"><a href=\"#1615892468970-aab555f1-cd31\" data-vc-accordion data-vc-container=\".vc_tta-container\"><span class=\"vc_tta-title-text\">Cylinders with integrated safety functions<\/span><i class=\"vc_tta-controls-icon vc_tta-controls-icon-plus\"><\/i><\/a><\/h4><\/div><div class=\"vc_tta-panel-body\">\n\t<div class=\"wpb_text_column wpb_content_element\" >\n\t\t<div class=\"wpb_wrapper\">\n\t\t\t<p>Integrating safety valves guarantees the best safety, because even if hoses or pipelines outside the cylinder are damaged, the cylinder continues to lift the load safely!<\/p>\n\n\t\t<\/div>\n\t<\/div>\n<\/div><\/div><div class=\"vc_tta-panel\" id=\"1615892549480-ef9e947c-cfc3\" data-vc-content=\".vc_tta-panel-body\"><div class=\"vc_tta-panel-heading\"><h4 class=\"vc_tta-panel-title vc_tta-controls-icon-position-left\"><a href=\"#1615892549480-ef9e947c-cfc3\" data-vc-accordion data-vc-container=\".vc_tta-container\"><span class=\"vc_tta-title-text\">Cylinders with redundant safety<\/span><i class=\"vc_tta-controls-icon vc_tta-controls-icon-plus\"><\/i><\/a><\/h4><\/div><div class=\"vc_tta-panel-body\">\n\t<div class=\"wpb_text_column wpb_content_element\" >\n\t\t<div class=\"wpb_wrapper\">\n\t\t\t<p>Double-chamber cylinders that are separately protected offer double safety, e.g. for steering cylinders.<\/p>\n\n\t\t<\/div>\n\t<\/div>\n<\/div><\/div><div class=\"vc_tta-panel\" id=\"1615892583876-50062627-b21f\" data-vc-content=\".vc_tta-panel-body\"><div class=\"vc_tta-panel-heading\"><h4 class=\"vc_tta-panel-title vc_tta-controls-icon-position-left\"><a href=\"#1615892583876-50062627-b21f\" data-vc-accordion data-vc-container=\".vc_tta-container\"><span class=\"vc_tta-title-text\">Electrohydraulic cylinders<\/span><i class=\"vc_tta-controls-icon vc_tta-controls-icon-plus\"><\/i><\/a><\/h4><\/div><div class=\"vc_tta-panel-body\">\n\t<div class=\"wpb_text_column wpb_content_element\" >\n\t\t<div class=\"wpb_wrapper\">\n\t\t\t<p>In many applications today, electronic controls are used in machine and plant construction where the movement and positioning of hydraulic cylinders must also be controlled. There, the integration of a displacement encoder into the cylinder makes a lot of sense due to the following\u00a0<strong>advantages:<\/strong>:<\/p>\n<ul>\n<li>High operational safety, sensitive electronic components are protected in the cylinder from external influences.<\/li>\n<li>Low assembly effort, no additional mechanics necessary. This results in a simpler design and thus a reduction in overall costs in conjunction with higher operational safety.<\/li>\n<li>Small installation space due to integration of the displacement transducer. Versions with eyes on both sides are also available!<br \/>\nHigher precision by recording the position directly on the linear actuator.<\/li>\n<\/ul>\n\n\t\t<\/div>\n\t<\/div>\n<\/div><\/div><\/div><\/div><\/div><\/div><\/div><\/div><\/div><\/div><!-- CWS Column --> <\/div><\/div><\/div><\/div><!-- CWS Row --><div class=\"cws-content\" style=\"background-size:;\"><div class=\"vc_row wpb_row vc_row-fluid\"><div class=\"wpb_column vc_column_container vc_col-sm-12 cws-column\"><div class=\"cws_vc_column-inner\"><div class=\"wpb_column vc_column_container vc_col-sm-12\"><div class=\"vc_column-inner\"><div class=\"wpb_wrapper\"><div class=\"vc_empty_space\"   style=\"height: 32px\"><span class=\"vc_empty_space_inner\"><\/span><\/div><div id='cws_divider_69feb84d9c77b' class='separator-wrapper'><hr style='height:1px;'><\/div><div class=\"vc_empty_space\"   style=\"height: 32px\"><span class=\"vc_empty_space_inner\"><\/span><\/div>\n\t<div class=\"wpb_text_column wpb_content_element\" >\n\t\t<div class=\"wpb_wrapper\">\n\t\t\t<h2>Technical features:<\/h2>\n<ul>\n<li>Electronic functions can be integrated into <a href=\"\/en\/einfache-und-doppelwirkende-zylinder\/\">single or double-acting cylinders<\/a>\u00a0.<\/li>\n<li>Diameter combinations from 20\/16 to 250\/180 possible.<\/li>\n<li>Operating pressures up to 350 bar.<\/li>\n<li>Stroke lengths up to 3000 mm depending on displacement encoder.<\/li>\n<li>Adaptable to almost any control system due to the possibility of using different displacement encoder systems.<\/li>\n<li>Benefit from our many years of experience with hydraulic cylinders with integrated displacement transducers in versatile applications!<\/li>\n<\/ul>\n\n\t\t<\/div>\n\t<\/div>\n<div class=\"vc_empty_space\"   style=\"height: 32px\"><span class=\"vc_empty_space_inner\"><\/span><\/div><div id='cws_divider_69feb84d9ca03' class='separator-wrapper'><hr style='height:1px;'><\/div><div class=\"vc_empty_space\"   style=\"height: 32px\"><span class=\"vc_empty_space_inner\"><\/span><\/div>\n\t<div class=\"wpb_text_column wpb_content_element\" >\n\t\t<div class=\"wpb_wrapper\">\n\t\t\t<h2><strong>eDrawing electrohydraulic cylinders<\/strong><\/h2>\n<p>Hint:<br \/>\nSometimes error messages may occur when executing the eDrawing files. This is mostly due to locally installed and activated virus scanners.<\/p>\n\n\t\t<\/div>\n\t<\/div>\n<\/div><\/div><\/div><!-- CWS Column --> <\/div><\/div><\/div><\/div>","protected":false},"excerpt":{"rendered":"Hydraulikzylinder mit integrierten Funktionen Hier finden Sie eine \u00dcbersicht: Zylinder mit integrierter \u00d6lzuf\u00fchrung Wenn die Optik der Maschine eine besondere Rolle spielt, oder wenn die Zug\u00e4nglichkeit f\u00fcr die \u00d6lzuf\u00fchrung entlang des Zylinders Probleme bereitet. Zylinder mit integrierten Sicherheitsfunktionen Das Integrieren von Sicherheitsventilen ist Garant f\u00fcr beste Sicherheit, denn selbst wenn Schl\u00e4uche oder Rohrleitungen au\u00dferhalb vom Zylinder besch\u00e4digt werden, hebt der Zylinder die Last weiterhin sicher! Zylinder mit redundanter Sicherheit Doppelkammerzylinder, die getrennt voneinander abgesichert sind, bieten doppelte Sicherheit, z.B. bei Lenkungszylinder. Elektrohydraulische Zylinder In vielen Anwendungsf\u00e4llen werden heute im Maschinen- und Anlagenbau elektronische Steuerungen eingesetzt, bei denen auch die Bewegung und Positionierung von Hydraulikzylindern geregelt werden muss.Dort ist die Integration eines Wegmesssystems in dem Zylinder sehr sinnvoll und bringt zahlreiche\u00a0Vorteile: Hohe Einsatzsicherheit, empfindliche Elektronikbauteile sind im Zylinder vor externen Einfl\u00fcssengesch\u00fctzt. Geringer Montageaufwand, keine zus\u00e4tzliche Mechanik n\u00f6tig. Dies ergibt eine einfachere Konstruktion und damit eine Reduzierung der Gesamtkosten in Verbindung mit einer h\u00f6heren Einsatzsicherheit. Geringer Einbauraum durch Integration des Wegaufnehmers. Es sind auch Ausf\u00fchrungen mit beidseitig Augen lieferbar! H\u00f6here Pr\u00e4zision\u00a0durch Aufnahme der Position direkt am Linearantrieb Technische Eigenschaften: Elektronische Funktionen in einfach- oder doppelwirkende Zylinder\u00a0integrierbar. Durchmesserkombinationen von 20\/16 bis 250\/180 realisierbar. Betriebsdr\u00fccke bis 350 bar. Hubl\u00e4ngen je nach Wegmesssystem bis 3000 mm. Durch die Einsatzm\u00f6glichkeit von verschiedenen Wegmesssystemen an nahezu jede Steuerung anpassbar. Profitieren Sie durch unsere langj\u00e4hrige Erfahrung mit Hydraulikzylindern mit integrierten Wegaufnehmern in vielseitigen Anwendungsf\u00e4llen! eDrawing Elektrohydraulische Zylinder Hinweis: Teilweise kann es beim Ausf\u00fchren der eDrawing-Dateien zu Fehlermeldungen kommen. Dies h\u00e4ngt zumeist mit lokal installierten und aktivierten Virenscannern zusammen.","protected":false},"author":1,"featured_media":0,"parent":0,"menu_order":0,"comment_status":"closed","ping_status":"closed","template":"","meta":[],"_links":{"self":[{"href":"https:\/\/ewo-fluid-power.de\/en\/wp-json\/wp\/v2\/pages\/4153"}],"collection":[{"href":"https:\/\/ewo-fluid-power.de\/en\/wp-json\/wp\/v2\/pages"}],"about":[{"href":"https:\/\/ewo-fluid-power.de\/en\/wp-json\/wp\/v2\/types\/page"}],"author":[{"embeddable":true,"href":"https:\/\/ewo-fluid-power.de\/en\/wp-json\/wp\/v2\/users\/1"}],"replies":[{"embeddable":true,"href":"https:\/\/ewo-fluid-power.de\/en\/wp-json\/wp\/v2\/comments?post=4153"}],"version-history":[{"count":5,"href":"https:\/\/ewo-fluid-power.de\/en\/wp-json\/wp\/v2\/pages\/4153\/revisions"}],"predecessor-version":[{"id":4216,"href":"https:\/\/ewo-fluid-power.de\/en\/wp-json\/wp\/v2\/pages\/4153\/revisions\/4216"}],"wp:attachment":[{"href":"https:\/\/ewo-fluid-power.de\/en\/wp-json\/wp\/v2\/media?parent=4153"}],"curies":[{"name":"wp","href":"https:\/\/api.w.org\/{rel}","templated":true}]}}