{"id":2936,"date":"2018-09-13T13:46:46","date_gmt":"2018-09-13T13:46:46","guid":{"rendered":"https:\/\/ewo-fluid-power.de\/"},"modified":"2022-08-15T15:15:48","modified_gmt":"2022-08-15T13:15:48","slug":"home","status":"publish","type":"page","link":"https:\/\/ewo-fluid-power.de\/fr\/","title":{"rendered":"Page d'accueil"},"content":{"rendered":"<!-- CWS Row --><div class=\"cws-content\" style=\"background-size:;\"><div class=\"vc_row wpb_row vc_row-fluid\"><div class=\"wpb_column vc_column_container vc_col-sm-12 cws-column\"><div class=\"cws_vc_column-inner\"><div class=\"wpb_column vc_column_container vc_col-sm-12\"><div class=\"vc_column-inner\"><div class=\"wpb_wrapper\"><div class=\"cws_spacing cws_spacing_size_sm_desctop-on cws_spacing_tablet-on cws_spacing_mobile-on\"><div class=\"cws_spacing cws_spacing_default\" style=\"height:100px;\"><\/div> <div class=\"cws_spacing cws_spacing_size_sm_desctop\" style=\"height:10px;\"><\/div> <div class=\"cws_spacing cws_spacing_tablet\" style=\"height:0px;\"><\/div> <div class=\"cws_spacing cws_spacing_mobile\" style=\"height:0px;\"><\/div><\/div><\/div><\/div><\/div><!-- CWS Column --> <\/div><\/div><\/div><\/div><!-- CWS Row --><div class=\"cws-content\" style=\"background-size:;\"><div class=\"vc_row wpb_row vc_row-fluid\"><div class=\"wpb_column vc_column_container vc_col-sm-4 cws-column\"><div class=\"cws_vc_column-inner\"><div class=\"wpb_column vc_column_container vc_col-sm-4\"><div class=\"vc_column-inner\"><div class=\"wpb_wrapper\">\n\t<div  class=\"wpb_single_image wpb_content_element vc_align_center\">\n\t\t\n\t\t<figure class=\"wpb_wrapper vc_figure\">\n\t\t\t<a href=\"https:\/\/ewo-fluid-power.de\/fr\/zylinder\/\" target=\"_self\" class=\"vc_single_image-wrapper   vc_box_border_grey\"><img width=\"2560\" height=\"1602\" src=\"https:\/\/ewo-fluid-power.de\/wp-content\/uploads\/2022\/04\/Bild_Webseite-scaled.jpg\" class=\"vc_single_image-img attachment-full\" alt=\"\" decoding=\"async\" loading=\"lazy\" srcset=\"https:\/\/ewo-fluid-power.de\/wp-content\/uploads\/2022\/04\/Bild_Webseite-scaled.jpg 2560w, https:\/\/ewo-fluid-power.de\/wp-content\/uploads\/2022\/04\/Bild_Webseite-300x188.jpg 300w, https:\/\/ewo-fluid-power.de\/wp-content\/uploads\/2022\/04\/Bild_Webseite-1024x641.jpg 1024w, https:\/\/ewo-fluid-power.de\/wp-content\/uploads\/2022\/04\/Bild_Webseite-768x481.jpg 768w, https:\/\/ewo-fluid-power.de\/wp-content\/uploads\/2022\/04\/Bild_Webseite-1536x961.jpg 1536w, https:\/\/ewo-fluid-power.de\/wp-content\/uploads\/2022\/04\/Bild_Webseite-2048x1282.jpg 2048w, https:\/\/ewo-fluid-power.de\/wp-content\/uploads\/2022\/04\/Bild_Webseite-18x12.jpg 18w\" sizes=\"(max-width: 2560px) 100vw, 2560px\" \/><\/a>\n\t\t<\/figure>\n\t<\/div>\n\n\t<div class=\"wpb_text_column wpb_content_element\" >\n\t\t<div class=\"wpb_wrapper\">\n\t\t\t<h2><a href=\"https:\/\/ewo-fluid-power.de\/fr\/zylinder\/\">V\u00e9rins hydrauliques<\/a><\/h2>\n<p><span style=\"font-weight: 400;\">Der Hydraulikzylinder ist das mechanische Bindeglied zwischen der Hydrauliksteuerung und der Maschinenkinematik. Als Maschinenbau- und Fahrzeugspezialisten sind uns Maschinen-anforderungen gel\u00e4ufig und wir k\u00f6nnen Sie als Maschinen- oder Fahrzeughersteller bei Ihrem Entwicklungsvorhaben beratend unterst\u00fctzen und mit Ihnen die richtige Wahl der passenden Produkte treffen. Angefangen mit Schnelllieferprogrammen haben wir mittlerweile mehr als 5.000 Neuentwicklungen realisiert und zahlreiche Schutzrechte erhalten, von denen unsere Kunden profitieren k\u00f6nnen.<\/span><\/p>\n\n\t\t<\/div>\n\t<\/div>\n<\/div><\/div><\/div><!-- CWS Column --> <\/div><\/div><div class=\"wpb_column vc_column_container vc_col-sm-4 cws-column\"><div class=\"cws_vc_column-inner\"><div class=\"wpb_column vc_column_container vc_col-sm-4\"><div class=\"vc_column-inner\"><div class=\"wpb_wrapper\">\n\t<div  class=\"wpb_single_image wpb_content_element vc_align_center\">\n\t\t\n\t\t<figure class=\"wpb_wrapper vc_figure\">\n\t\t\t<a href=\"https:\/\/ewo-fluid-power.de\/fr\/abstutzzylinder\/\" target=\"_self\" class=\"vc_single_image-wrapper   vc_box_border_grey\"><img width=\"390\" height=\"220\" src=\"https:\/\/ewo-fluid-power.de\/wp-content\/uploads\/2018\/06\/ewo-Hydraulikaggregate.jpg\" class=\"vc_single_image-img attachment-full\" alt=\"\" decoding=\"async\" loading=\"lazy\" srcset=\"https:\/\/ewo-fluid-power.de\/wp-content\/uploads\/2018\/06\/ewo-Hydraulikaggregate.jpg 390w, https:\/\/ewo-fluid-power.de\/wp-content\/uploads\/2018\/06\/ewo-Hydraulikaggregate-300x169.jpg 300w\" sizes=\"(max-width: 390px) 100vw, 390px\" \/><\/a>\n\t\t<\/figure>\n\t<\/div>\n\n\t<div class=\"wpb_text_column wpb_content_element\" >\n\t\t<div class=\"wpb_wrapper\">\n\t\t\t<h2><a href=\"https:\/\/ewo-fluid-power.de\/fr\/abstutzzylinder\/\">V\u00e9rins de b\u00e9quille<\/a><\/h2>\n<p><span style=\"font-weight: 400;\">Der Abst\u00fctzzylinder in all seinen Formen und Anforderungen hat uns als Konstrukteure fasziniert , so dass wir uns sehr fr\u00fch auf diese Art von Hydraulikzylindern spezialisiert haben. Neben den konventionellen DW-einstufigen Zylindern, bieten wir Zylinder mit integrierter \u00d6lzuf\u00fchrung, mit integrierten Sicherheitsventilen und elektronischen Wegaufnehmern oder noch mit redundanter Sicherheitmit h\u00f6herer Hebekraft, zudem als zweistufige Teleskopzylinder oder noch als \u201eElefantenr\u00fcssel-Hubst\u00fctzen\u201c mit noch mehr Hub bei noch geringeren Einbauh\u00f6he an\u2026<\/span><\/p>\n\n\t\t<\/div>\n\t<\/div>\n<\/div><\/div><\/div><!-- CWS Column --> <\/div><\/div><div class=\"wpb_column vc_column_container vc_col-sm-4 cws-column\"><div class=\"cws_vc_column-inner\"><div class=\"wpb_column vc_column_container vc_col-sm-4\"><div class=\"vc_column-inner\"><div class=\"wpb_wrapper\">\n\t<div  class=\"wpb_single_image wpb_content_element vc_align_center\">\n\t\t\n\t\t<figure class=\"wpb_wrapper vc_figure\">\n\t\t\t<a href=\"https:\/\/ewo-fluid-power.de\/fr\/ewolift\/\" target=\"_self\" class=\"vc_single_image-wrapper   vc_box_border_grey\"><img width=\"390\" height=\"220\" src=\"https:\/\/ewo-fluid-power.de\/wp-content\/uploads\/2018\/06\/ewo-Systemtechnik.jpg\" class=\"vc_single_image-img attachment-full\" alt=\"\" decoding=\"async\" loading=\"lazy\" srcset=\"https:\/\/ewo-fluid-power.de\/wp-content\/uploads\/2018\/06\/ewo-Systemtechnik.jpg 390w, https:\/\/ewo-fluid-power.de\/wp-content\/uploads\/2018\/06\/ewo-Systemtechnik-300x169.jpg 300w\" sizes=\"(max-width: 390px) 100vw, 390px\" \/><\/a>\n\t\t<\/figure>\n\t<\/div>\n\n\t<div class=\"wpb_text_column wpb_content_element\" >\n\t\t<div class=\"wpb_wrapper\">\n\t\t\t<h2><a href=\"https:\/\/ewo-fluid-power.de\/fr\/ewolift\/\">ewolift<\/a><\/h2>\n<p>En combinant le v\u00e9rin hydraulique et la technologie de commande n\u00e9cessaire, nous sommes en mesure de fournir et d'entretenir des solutions compl\u00e8tes compos\u00e9es d'un cylindre (force), d'un groupe hydraulique (c\u0153ur) et d'une commande (cerveau) pour une installation dans des v\u00e9hicules ou pour toutes autres applications.<br \/>\nUnter der Marke \u201eewolift\u201c entwickelt und fertigt die ewo Fluid Power GmbH \u00a0in Zusammenarbeit mit dem Schwesterunternehmen ASIMO GmbH komplette Systeme und liefert diese \u201eeinbaufertig\u201c an Partnerbetriebe, die sich auf den Einbau spezialisiert haben.<\/p>\n\n\t\t<\/div>\n\t<\/div>\n<\/div><\/div><\/div><!-- CWS Column --> <\/div><\/div><\/div><\/div><!-- CWS Row --><div class=\"cws-content\" style=\"background-size:;\"><div class=\"vc_row wpb_row vc_row-fluid\"><div class=\"wpb_column vc_column_container vc_col-sm-12 cws-column\"><div class=\"cws_vc_column-inner\"><div class=\"wpb_column vc_column_container vc_col-sm-12\"><div class=\"vc_column-inner\"><div class=\"wpb_wrapper\"><div class=\"cws_spacing cws_spacing_size_sm_desctop-on cws_spacing_tablet-on cws_spacing_mobile-on\"><div class=\"cws_spacing cws_spacing_default\" style=\"height:100px;\"><\/div> <div class=\"cws_spacing cws_spacing_size_sm_desctop\" style=\"height:10px;\"><\/div> <div class=\"cws_spacing cws_spacing_tablet\" style=\"height:0px;\"><\/div> <div class=\"cws_spacing cws_spacing_mobile\" style=\"height:0px;\"><\/div><\/div><\/div><\/div><\/div><!-- CWS Column --> <\/div><\/div><\/div><\/div>","protected":false},"excerpt":{"rendered":"Hydraulikzylinder Der Hydraulikzylinder ist das mechanische Bindeglied zwischen der Hydrauliksteuerung und der Maschinenkinematik. Als Maschinenbau- und Fahrzeugspezialisten sind uns Maschinen-anforderungen gel\u00e4ufig und wir k\u00f6nnen Sie als Maschinen- oder Fahrzeughersteller bei Ihrem Entwicklungsvorhaben beratend unterst\u00fctzen und mit Ihnen die richtige Wahl der passenden Produkte treffen. Angefangen mit Schnelllieferprogrammen haben wir mittlerweile mehr als 5.000 Neuentwicklungen realisiert und zahlreiche Schutzrechte erhalten, von denen unsere Kunden profitieren k\u00f6nnen. Abst\u00fctzzylinder Der Abst\u00fctzzylinder in all seinen Formen und Anforderungen hat uns als Konstrukteure fasziniert , so dass wir uns sehr fr\u00fch auf diese Art von Hydraulikzylindern spezialisiert haben. Neben den konventionellen DW-einstufigen Zylindern, bieten wir Zylinder mit integrierter \u00d6lzuf\u00fchrung, mit integrierten Sicherheitsventilen und elektronischen Wegaufnehmern oder noch mit redundanter Sicherheitmit h\u00f6herer Hebekraft, zudem als zweistufige Teleskopzylinder oder noch als \u201eElefantenr\u00fcssel-Hubst\u00fctzen\u201c mit noch mehr Hub bei noch geringeren Einbauh\u00f6he an\u2026 ewolift Durch die Kombination des Linearantriebs Hydraulikzylinder und der dazu notwendigen Steuerungstechnik sind wir in der Lage Komplettl\u00f6sungen bestehend aus Zylinder (Kraft),\u00a0 Hydraulikaggregat (Herz) und Steuerung (Gehirn) f\u00fcr den Einbau in Fahrzeugen oder f\u00fcr andere Anwendungen zu liefern und zu betreuen. Unter der Marke \u201eewolift\u201c entwickelt und fertigt die ewo Fluid Power GmbH \u00a0in Zusammenarbeit mit dem Schwesterunternehmen ASIMO GmbH komplette Systeme und liefert diese \u201eeinbaufertig\u201c an Partnerbetriebe, die sich auf den Einbau spezialisiert haben.","protected":false},"author":1,"featured_media":0,"parent":0,"menu_order":0,"comment_status":"closed","ping_status":"closed","template":"","meta":[],"_links":{"self":[{"href":"https:\/\/ewo-fluid-power.de\/fr\/wp-json\/wp\/v2\/pages\/2936"}],"collection":[{"href":"https:\/\/ewo-fluid-power.de\/fr\/wp-json\/wp\/v2\/pages"}],"about":[{"href":"https:\/\/ewo-fluid-power.de\/fr\/wp-json\/wp\/v2\/types\/page"}],"author":[{"embeddable":true,"href":"https:\/\/ewo-fluid-power.de\/fr\/wp-json\/wp\/v2\/users\/1"}],"replies":[{"embeddable":true,"href":"https:\/\/ewo-fluid-power.de\/fr\/wp-json\/wp\/v2\/comments?post=2936"}],"version-history":[{"count":11,"href":"https:\/\/ewo-fluid-power.de\/fr\/wp-json\/wp\/v2\/pages\/2936\/revisions"}],"predecessor-version":[{"id":4358,"href":"https:\/\/ewo-fluid-power.de\/fr\/wp-json\/wp\/v2\/pages\/2936\/revisions\/4358"}],"wp:attachment":[{"href":"https:\/\/ewo-fluid-power.de\/fr\/wp-json\/wp\/v2\/media?parent=2936"}],"curies":[{"name":"wp","href":"https:\/\/api.w.org\/{rel}","templated":true}]}}