{"id":4013,"date":"2020-05-14T15:39:11","date_gmt":"2020-05-14T13:39:11","guid":{"rendered":"https:\/\/ewo-fluid-power.de\/?page_id=4013"},"modified":"2020-05-19T15:07:41","modified_gmt":"2020-05-19T13:07:41","slug":"hersteller","status":"publish","type":"page","link":"https:\/\/ewo-fluid-power.de\/fr\/hersteller\/","title":{"rendered":"Hersteller"},"content":{"rendered":"<!-- CWS Row --><div class=\"cws-content\" style=\"background-size:;\"><div class=\"vc_row wpb_row vc_row-fluid\"><div class=\"wpb_column vc_column_container vc_col-sm-4 cws-column\"><div class=\"cws_vc_column-inner\"><div class=\"wpb_column vc_column_container vc_col-sm-4\"><div class=\"vc_column-inner\"><div class=\"wpb_wrapper\">\n\t<div  class=\"wpb_single_image wpb_content_element vc_align_left\">\n\t\t\n\t\t<figure class=\"wpb_wrapper vc_figure\">\n\t\t\t<div class=\"vc_single_image-wrapper   vc_box_border_grey\"><img width=\"390\" height=\"220\" src=\"https:\/\/ewo-fluid-power.de\/wp-content\/uploads\/2020\/05\/ewo-Hersteller-1.jpg\" class=\"vc_single_image-img attachment-large\" alt=\"\" decoding=\"async\" loading=\"lazy\" srcset=\"https:\/\/ewo-fluid-power.de\/wp-content\/uploads\/2020\/05\/ewo-Hersteller-1.jpg 390w, https:\/\/ewo-fluid-power.de\/wp-content\/uploads\/2020\/05\/ewo-Hersteller-1-300x169.jpg 300w\" sizes=\"(max-width: 390px) 100vw, 390px\" \/><\/div>\n\t\t<\/figure>\n\t<\/div>\n\n\t<div class=\"wpb_text_column wpb_content_element\" >\n\t\t<div class=\"wpb_wrapper\">\n\t\t\t<p><em>schnell und flexibel<\/em><\/p>\n<p>Gr\u00e2ce \u00e0 notre gamme de fabrication verticale \u00e9lev\u00e9e, nous pouvons garantir la flexibilit\u00e9 et la r\u00e9activit\u00e9.<\/p>\n<p>&nbsp;<\/p>\n\n\t\t<\/div>\n\t<\/div>\n<\/div><\/div><\/div><!-- CWS Column --> <\/div><\/div><div class=\"wpb_column vc_column_container vc_col-sm-4 cws-column\"><div class=\"cws_vc_column-inner\"><div class=\"wpb_column vc_column_container vc_col-sm-4\"><div class=\"vc_column-inner\"><div class=\"wpb_wrapper\">\n\t<div  class=\"wpb_single_image wpb_content_element vc_align_left\">\n\t\t\n\t\t<figure class=\"wpb_wrapper vc_figure\">\n\t\t\t<div class=\"vc_single_image-wrapper   vc_box_border_grey\"><img width=\"390\" height=\"220\" src=\"https:\/\/ewo-fluid-power.de\/wp-content\/uploads\/2020\/05\/ewo-Hersteller-2.jpg\" class=\"vc_single_image-img attachment-large\" alt=\"\" decoding=\"async\" loading=\"lazy\" srcset=\"https:\/\/ewo-fluid-power.de\/wp-content\/uploads\/2020\/05\/ewo-Hersteller-2.jpg 390w, https:\/\/ewo-fluid-power.de\/wp-content\/uploads\/2020\/05\/ewo-Hersteller-2-300x169.jpg 300w\" sizes=\"(max-width: 390px) 100vw, 390px\" \/><\/div>\n\t\t<\/figure>\n\t<\/div>\n\n\t<div class=\"wpb_text_column wpb_content_element\" >\n\t\t<div class=\"wpb_wrapper\">\n\t\t\t<p><em>Schwei\u00dffachbetrieb mit Roboterkompetenz<\/em><\/p>\n<p>Ma\u00eetrise de la th\u00e9orie et de la pratique et r\u00e9alisation permanente de normes de qualit\u00e9 \u00e9lev\u00e9es.<\/p>\n\n\t\t<\/div>\n\t<\/div>\n<\/div><\/div><\/div><!-- CWS Column --> <\/div><\/div><div class=\"wpb_column vc_column_container vc_col-sm-4 cws-column\"><div class=\"cws_vc_column-inner\"><div class=\"wpb_column vc_column_container vc_col-sm-4\"><div class=\"vc_column-inner\"><div class=\"wpb_wrapper\">\n\t<div  class=\"wpb_single_image wpb_content_element vc_align_left\">\n\t\t\n\t\t<figure class=\"wpb_wrapper vc_figure\">\n\t\t\t<div class=\"vc_single_image-wrapper   vc_box_border_grey\"><img width=\"390\" height=\"220\" src=\"https:\/\/ewo-fluid-power.de\/wp-content\/uploads\/2020\/05\/ewo-Hersteller-3.jpg\" class=\"vc_single_image-img attachment-large\" alt=\"\" decoding=\"async\" loading=\"lazy\" srcset=\"https:\/\/ewo-fluid-power.de\/wp-content\/uploads\/2020\/05\/ewo-Hersteller-3.jpg 390w, https:\/\/ewo-fluid-power.de\/wp-content\/uploads\/2020\/05\/ewo-Hersteller-3-300x169.jpg 300w\" sizes=\"(max-width: 390px) 100vw, 390px\" \/><\/div>\n\t\t<\/figure>\n\t<\/div>\n\n\t<div class=\"wpb_text_column wpb_content_element\" >\n\t\t<div class=\"wpb_wrapper\">\n\t\t\t<p><em>einbaufertig lackiert<\/em><\/p>\n<p>unsere professionelle Lackierung erm\u00f6glicht die Lieferung montagefertiger Produkte<\/p>\n\n\t\t<\/div>\n\t<\/div>\n<\/div><\/div><\/div><!-- CWS Column --> <\/div><\/div><\/div><\/div>","protected":false},"excerpt":{"rendered":"schnell und flexibel Dank hoher Fertigungstiefe k\u00f6nnen wir Flexibilit\u00e4t und Reaktionsf\u00e4higkeit garantieren &nbsp; Schwei\u00dffachbetrieb mit Roboterkompetenz Theorie und Praxis beherrschen und hohe Qualit\u00e4tsanspr\u00fcche dauerhaft realisieren einbaufertig lackiert unsere professionelle Lackierung erm\u00f6glicht die Lieferung montagefertiger Produkte","protected":false},"author":1,"featured_media":0,"parent":0,"menu_order":0,"comment_status":"closed","ping_status":"closed","template":"","meta":[],"_links":{"self":[{"href":"https:\/\/ewo-fluid-power.de\/fr\/wp-json\/wp\/v2\/pages\/4013"}],"collection":[{"href":"https:\/\/ewo-fluid-power.de\/fr\/wp-json\/wp\/v2\/pages"}],"about":[{"href":"https:\/\/ewo-fluid-power.de\/fr\/wp-json\/wp\/v2\/types\/page"}],"author":[{"embeddable":true,"href":"https:\/\/ewo-fluid-power.de\/fr\/wp-json\/wp\/v2\/users\/1"}],"replies":[{"embeddable":true,"href":"https:\/\/ewo-fluid-power.de\/fr\/wp-json\/wp\/v2\/comments?post=4013"}],"version-history":[{"count":5,"href":"https:\/\/ewo-fluid-power.de\/fr\/wp-json\/wp\/v2\/pages\/4013\/revisions"}],"predecessor-version":[{"id":4072,"href":"https:\/\/ewo-fluid-power.de\/fr\/wp-json\/wp\/v2\/pages\/4013\/revisions\/4072"}],"wp:attachment":[{"href":"https:\/\/ewo-fluid-power.de\/fr\/wp-json\/wp\/v2\/media?parent=4013"}],"curies":[{"name":"wp","href":"https:\/\/api.w.org\/{rel}","templated":true}]}}