{"id":4153,"date":"2021-03-24T10:55:03","date_gmt":"2021-03-24T09:55:03","guid":{"rendered":"https:\/\/ewo-fluid-power.de\/?page_id=4153"},"modified":"2022-01-14T10:50:47","modified_gmt":"2022-01-14T09:50:47","slug":"hydraulikzylinder-mit-integrierten-funktionen","status":"publish","type":"page","link":"https:\/\/ewo-fluid-power.de\/fr\/hydraulikzylinder-mit-integrierten-funktionen\/","title":{"rendered":"V\u00e9rins hydrauliques \u00e0 fonctions int\u00e9gr\u00e9es"},"content":{"rendered":"<!-- CWS Row --><div class=\"cws-content\" style=\"background-size:;\"><div class=\"vc_row wpb_row vc_row-fluid\"><div class=\"wpb_column vc_column_container vc_col-sm-6 cws-column\"><div class=\"cws_vc_column-inner\"><div class=\"wpb_column vc_column_container vc_col-sm-6\"><div class=\"vc_column-inner\"><div class=\"wpb_wrapper\">\n\t<div class=\"wpb_text_column wpb_content_element\" >\n\t\t<div class=\"wpb_wrapper\">\n\t\t\t<h2>V\u00e9rins hydrauliques \u00e0 fonctions int\u00e9gr\u00e9es<\/h2>\n\n\t\t<\/div>\n\t<\/div>\n<\/div><\/div><\/div><!-- CWS Column --> <\/div><\/div><div class=\"wpb_column vc_column_container vc_col-sm-6 cws-column\"><div class=\"cws_vc_column-inner\"><div class=\"wpb_column vc_column_container vc_col-sm-6\"><div class=\"vc_column-inner\"><div class=\"wpb_wrapper\">\n\t<div  class=\"wpb_single_image wpb_content_element vc_align_center\">\n\t\t\n\t\t<figure class=\"wpb_wrapper vc_figure\">\n\t\t\t<div class=\"vc_single_image-wrapper   vc_box_border_grey\"><img width=\"390\" height=\"220\" src=\"https:\/\/ewo-fluid-power.de\/wp-content\/uploads\/2021\/03\/0006HP_EWO_Produktion-Zylinder.jpg\" class=\"vc_single_image-img attachment-full\" alt=\"\" decoding=\"async\" loading=\"lazy\" srcset=\"https:\/\/ewo-fluid-power.de\/wp-content\/uploads\/2021\/03\/0006HP_EWO_Produktion-Zylinder.jpg 390w, https:\/\/ewo-fluid-power.de\/wp-content\/uploads\/2021\/03\/0006HP_EWO_Produktion-Zylinder-300x169.jpg 300w\" sizes=\"(max-width: 390px) 100vw, 390px\" \/><\/div>\n\t\t<\/figure>\n\t<\/div>\n<\/div><\/div><\/div><!-- CWS Column --> <\/div><\/div><\/div><\/div><!-- CWS Row --><div class=\"cws-content\" style=\"background-size:;\"><div class=\"vc_row wpb_row vc_row-fluid\"><div class=\"wpb_column vc_column_container vc_col-sm-12 cws-column\"><div class=\"cws_vc_column-inner\"><div class=\"wpb_column vc_column_container vc_col-sm-12\"><div class=\"vc_column-inner\"><div class=\"wpb_wrapper\"><div class=\"vc_empty_space\"   style=\"height: 32px\"><span class=\"vc_empty_space_inner\"><\/span><\/div>\n\t<div class=\"wpb_text_column wpb_content_element\" >\n\t\t<div class=\"wpb_wrapper\">\n\t\t\t<p>Vous trouverez un aper\u00e7u ici:<\/p>\n\n\t\t<\/div>\n\t<\/div>\n<div id='cws_vc_shortcode_acc_69fead384e31b'><div class=\"vc_tta-container\" data-vc-action=\"collapse\"><div class=\"vc_general vc_tta vc_tta-accordion vc_tta-o-shape-group vc_tta-controls-align-left\"><div class=\"vc_tta-panels-container\"><div class=\"vc_tta-panels\"><div class=\"vc_tta-panel vc_active\" id=\"1615892468941-f232e109-0bc0\" data-vc-content=\".vc_tta-panel-body\"><div class=\"vc_tta-panel-heading\"><h4 class=\"vc_tta-panel-title vc_tta-controls-icon-position-left\"><a href=\"#1615892468941-f232e109-0bc0\" data-vc-accordion data-vc-container=\".vc_tta-container\"><span class=\"vc_tta-title-text\">V\u00e9rins avec alimentation en huile int\u00e9gr\u00e9e<\/span><i class=\"vc_tta-controls-icon vc_tta-controls-icon-plus\"><\/i><\/a><\/h4><\/div><div class=\"vc_tta-panel-body\">\n\t<div class=\"wpb_text_column wpb_content_element\" >\n\t\t<div class=\"wpb_wrapper\">\n\t\t\t<p>Lorsque l'apparence de la machine joue un r\u00f4le particulier, ou lorsque l'accessibilit\u00e9 \u00e0 l'alimentation en huile le long du cylindre pose des probl\u00e8mes.<\/p>\n\n\t\t<\/div>\n\t<\/div>\n<\/div><\/div><div class=\"vc_tta-panel\" id=\"1615892468970-aab555f1-cd31\" data-vc-content=\".vc_tta-panel-body\"><div class=\"vc_tta-panel-heading\"><h4 class=\"vc_tta-panel-title vc_tta-controls-icon-position-left\"><a href=\"#1615892468970-aab555f1-cd31\" data-vc-accordion data-vc-container=\".vc_tta-container\"><span class=\"vc_tta-title-text\">V\u00e9rins avec fonctions de s\u00e9curit\u00e9 int\u00e9gr\u00e9es<\/span><i class=\"vc_tta-controls-icon vc_tta-controls-icon-plus\"><\/i><\/a><\/h4><\/div><div class=\"vc_tta-panel-body\">\n\t<div class=\"wpb_text_column wpb_content_element\" >\n\t\t<div class=\"wpb_wrapper\">\n\t\t\t<p>L'int\u00e9gration de soupapes de s\u00e9curit\u00e9 garantit la meilleure s\u00e9curit\u00e9, car m\u00eame si les tuyaux ou la tuyauterie \u00e0 l'ext\u00e9rieur du cylindre sont endommag\u00e9s, le cylindre continuera \u00e0 soulever la charge en toute s\u00e9curit\u00e9!<\/p>\n\n\t\t<\/div>\n\t<\/div>\n<\/div><\/div><div class=\"vc_tta-panel\" id=\"1615892549480-ef9e947c-cfc3\" data-vc-content=\".vc_tta-panel-body\"><div class=\"vc_tta-panel-heading\"><h4 class=\"vc_tta-panel-title vc_tta-controls-icon-position-left\"><a href=\"#1615892549480-ef9e947c-cfc3\" data-vc-accordion data-vc-container=\".vc_tta-container\"><span class=\"vc_tta-title-text\">V\u00e9rins \u00e0 s\u00e9curit\u00e9 redondante<\/span><i class=\"vc_tta-controls-icon vc_tta-controls-icon-plus\"><\/i><\/a><\/h4><\/div><div class=\"vc_tta-panel-body\">\n\t<div class=\"wpb_text_column wpb_content_element\" >\n\t\t<div class=\"wpb_wrapper\">\n\t\t\t<p>Les v\u00e9rins \u00e0 double chambre prot\u00e9g\u00e9es s\u00e9par\u00e9ment offrent une double s\u00e9curit\u00e9, par exemple pour les v\u00e9rins de direction.<\/p>\n\n\t\t<\/div>\n\t<\/div>\n<\/div><\/div><div class=\"vc_tta-panel\" id=\"1615892583876-50062627-b21f\" data-vc-content=\".vc_tta-panel-body\"><div class=\"vc_tta-panel-heading\"><h4 class=\"vc_tta-panel-title vc_tta-controls-icon-position-left\"><a href=\"#1615892583876-50062627-b21f\" data-vc-accordion data-vc-container=\".vc_tta-container\"><span class=\"vc_tta-title-text\">V\u00e9rins \u00e9lectrohydrauliques<\/span><i class=\"vc_tta-controls-icon vc_tta-controls-icon-plus\"><\/i><\/a><\/h4><\/div><div class=\"vc_tta-panel-body\">\n\t<div class=\"wpb_text_column wpb_content_element\" >\n\t\t<div class=\"wpb_wrapper\">\n\t\t\t<p>Dans de nombreuses applications, les syst\u00e8mes de contr\u00f4le \u00e9lectroniques sont utilis\u00e9s aujourd'hui dans la construction de machines et d'installations, o\u00f9 le mouvement et le positionnement des v\u00e9rins hydrauliques doivent \u00e9galement \u00eatre contr\u00f4l\u00e9s. Dans ce cas, l'int\u00e9gration d'un dispositif de mesure \u00e0 l'int\u00e9rieur du v\u00e9rin a beaucoup de sens en raison des\u00a0<strong>avantages suivants :<\/strong>:<\/p>\n<ul>\n<li>Haute s\u00e9curit\u00e9 de fonctionnement, les composants \u00e9lectroniques sensibles \u00e9tant prot\u00e9g\u00e9s dans le v\u00e9rin contre les influences ext\u00e9rieures.<\/li>\n<li>Faible effort de montage, pas de m\u00e9canique suppl\u00e9mentaire n\u00e9cessaire. Il en r\u00e9sulte une conception plus simple et donc une r\u00e9duction des co\u00fbts globaux en liaison avec une plus grande s\u00e9curit\u00e9 op\u00e9rationnelle.<\/li>\n<li>Espace d'installation r\u00e9duit gr\u00e2ce \u00e0 l'int\u00e9gration du transducteur de d\u00e9placement. Des versions avec des fixations aux deux extr\u00e9mit\u00e9s sont \u00e9galement disponibles!<br \/>\nPr\u00e9cision accrue en enregistrant la position directement sur l'actionneur lin\u00e9aire.<\/li>\n<\/ul>\n\n\t\t<\/div>\n\t<\/div>\n<\/div><\/div><\/div><\/div><\/div><\/div><\/div><\/div><\/div><\/div><!-- CWS Column --> <\/div><\/div><\/div><\/div><!-- CWS Row --><div class=\"cws-content\" style=\"background-size:;\"><div class=\"vc_row wpb_row vc_row-fluid\"><div class=\"wpb_column vc_column_container vc_col-sm-12 cws-column\"><div class=\"cws_vc_column-inner\"><div class=\"wpb_column vc_column_container vc_col-sm-12\"><div class=\"vc_column-inner\"><div class=\"wpb_wrapper\"><div class=\"vc_empty_space\"   style=\"height: 32px\"><span class=\"vc_empty_space_inner\"><\/span><\/div><div id='cws_divider_69fead384edad' class='separator-wrapper'><hr style='height:1px;'><\/div><div class=\"vc_empty_space\"   style=\"height: 32px\"><span class=\"vc_empty_space_inner\"><\/span><\/div>\n\t<div class=\"wpb_text_column wpb_content_element\" >\n\t\t<div class=\"wpb_wrapper\">\n\t\t\t<h2>Caract\u00e9ristiques techniques:<\/h2>\n<ul>\n<li>Les fonctions \u00e9lectroniques peuvent \u00eatre int\u00e9gr\u00e9es dans des <a href=\"\/fr\/einfache-und-doppelwirkende-zylinder\/\">des cylindres \u00e0 simple ou double effet<\/a>\u00a0.<\/li>\n<li>Combinaisons de diam\u00e8tres possibles de 20\/16 \u00e0 250\/180.<\/li>\n<li>Pressions de fonctionnement jusqu'\u00e0 350 bar.<\/li>\n<li>Longueur de course jusqu'\u00e0 3000 mm selon le syst\u00e8me de mesure de la course.<\/li>\n<li>Adaptable \u00e0 presque tous les syst\u00e8mes de contr\u00f4le gr\u00e2ce \u00e0 la possibilit\u00e9 d'utiliser diff\u00e9rents syst\u00e8mes de mesure de d\u00e9placement.<\/li>\n<li>Profitez de nos nombreuses ann\u00e9es d'exp\u00e9rience dans le domaine des v\u00e9rins hydrauliques avec capteurs de d\u00e9placement int\u00e9gr\u00e9s dans un large \u00e9ventail d'applications!<\/li>\n<\/ul>\n\n\t\t<\/div>\n\t<\/div>\n<div class=\"vc_empty_space\"   style=\"height: 32px\"><span class=\"vc_empty_space_inner\"><\/span><\/div><div id='cws_divider_69fead384ef49' class='separator-wrapper'><hr style='height:1px;'><\/div><div class=\"vc_empty_space\"   style=\"height: 32px\"><span class=\"vc_empty_space_inner\"><\/span><\/div>\n\t<div class=\"wpb_text_column wpb_content_element\" >\n\t\t<div class=\"wpb_wrapper\">\n\t\t\t<h2><strong>V\u00e9rins \u00e9lectrohydrauliques eDrawing<\/strong><\/h2>\n<p>Indice :<br \/>\nDes messages d'erreur peuvent parfois se produire lors de l'ex\u00e9cution des fichiers eDrawing. Cela est principalement d\u00fb aux scanners de virus install\u00e9s et activ\u00e9s localement.<\/p>\n\n\t\t<\/div>\n\t<\/div>\n<\/div><\/div><\/div><!-- CWS Column --> <\/div><\/div><\/div><\/div>","protected":false},"excerpt":{"rendered":"Hydraulikzylinder mit integrierten Funktionen Hier finden Sie eine \u00dcbersicht: Zylinder mit integrierter \u00d6lzuf\u00fchrung Wenn die Optik der Maschine eine besondere Rolle spielt, oder wenn die Zug\u00e4nglichkeit f\u00fcr die \u00d6lzuf\u00fchrung entlang des Zylinders Probleme bereitet. Zylinder mit integrierten Sicherheitsfunktionen Das Integrieren von Sicherheitsventilen ist Garant f\u00fcr beste Sicherheit, denn selbst wenn Schl\u00e4uche oder Rohrleitungen au\u00dferhalb vom Zylinder besch\u00e4digt werden, hebt der Zylinder die Last weiterhin sicher! Zylinder mit redundanter Sicherheit Doppelkammerzylinder, die getrennt voneinander abgesichert sind, bieten doppelte Sicherheit, z.B. bei Lenkungszylinder. Elektrohydraulische Zylinder In vielen Anwendungsf\u00e4llen werden heute im Maschinen- und Anlagenbau elektronische Steuerungen eingesetzt, bei denen auch die Bewegung und Positionierung von Hydraulikzylindern geregelt werden muss.Dort ist die Integration eines Wegmesssystems in dem Zylinder sehr sinnvoll und bringt zahlreiche\u00a0Vorteile: Hohe Einsatzsicherheit, empfindliche Elektronikbauteile sind im Zylinder vor externen Einfl\u00fcssengesch\u00fctzt. Geringer Montageaufwand, keine zus\u00e4tzliche Mechanik n\u00f6tig. Dies ergibt eine einfachere Konstruktion und damit eine Reduzierung der Gesamtkosten in Verbindung mit einer h\u00f6heren Einsatzsicherheit. Geringer Einbauraum durch Integration des Wegaufnehmers. Es sind auch Ausf\u00fchrungen mit beidseitig Augen lieferbar! H\u00f6here Pr\u00e4zision\u00a0durch Aufnahme der Position direkt am Linearantrieb Technische Eigenschaften: Elektronische Funktionen in einfach- oder doppelwirkende Zylinder\u00a0integrierbar. Durchmesserkombinationen von 20\/16 bis 250\/180 realisierbar. Betriebsdr\u00fccke bis 350 bar. Hubl\u00e4ngen je nach Wegmesssystem bis 3000 mm. Durch die Einsatzm\u00f6glichkeit von verschiedenen Wegmesssystemen an nahezu jede Steuerung anpassbar. Profitieren Sie durch unsere langj\u00e4hrige Erfahrung mit Hydraulikzylindern mit integrierten Wegaufnehmern in vielseitigen Anwendungsf\u00e4llen! eDrawing Elektrohydraulische Zylinder Hinweis: Teilweise kann es beim Ausf\u00fchren der eDrawing-Dateien zu Fehlermeldungen kommen. Dies h\u00e4ngt zumeist mit lokal installierten und aktivierten Virenscannern zusammen.","protected":false},"author":1,"featured_media":0,"parent":0,"menu_order":0,"comment_status":"closed","ping_status":"closed","template":"","meta":[],"_links":{"self":[{"href":"https:\/\/ewo-fluid-power.de\/fr\/wp-json\/wp\/v2\/pages\/4153"}],"collection":[{"href":"https:\/\/ewo-fluid-power.de\/fr\/wp-json\/wp\/v2\/pages"}],"about":[{"href":"https:\/\/ewo-fluid-power.de\/fr\/wp-json\/wp\/v2\/types\/page"}],"author":[{"embeddable":true,"href":"https:\/\/ewo-fluid-power.de\/fr\/wp-json\/wp\/v2\/users\/1"}],"replies":[{"embeddable":true,"href":"https:\/\/ewo-fluid-power.de\/fr\/wp-json\/wp\/v2\/comments?post=4153"}],"version-history":[{"count":5,"href":"https:\/\/ewo-fluid-power.de\/fr\/wp-json\/wp\/v2\/pages\/4153\/revisions"}],"predecessor-version":[{"id":4216,"href":"https:\/\/ewo-fluid-power.de\/fr\/wp-json\/wp\/v2\/pages\/4153\/revisions\/4216"}],"wp:attachment":[{"href":"https:\/\/ewo-fluid-power.de\/fr\/wp-json\/wp\/v2\/media?parent=4153"}],"curies":[{"name":"wp","href":"https:\/\/api.w.org\/{rel}","templated":true}]}}