{"id":4157,"date":"2021-03-24T11:21:01","date_gmt":"2021-03-24T10:21:01","guid":{"rendered":"https:\/\/ewo-fluid-power.de\/?page_id=4157"},"modified":"2021-03-24T11:22:29","modified_gmt":"2021-03-24T10:22:29","slug":"zylindermengenteiler","status":"publish","type":"page","link":"https:\/\/ewo-fluid-power.de\/fr\/zylindermengenteiler\/","title":{"rendered":"Diviseur de d\u00e9bit \u00e0 v\u00e9rins"},"content":{"rendered":"<!-- CWS Row --><div class=\"cws-content\" style=\"background-size:;\"><div class=\"vc_row wpb_row vc_row-fluid\"><div class=\"wpb_column vc_column_container vc_col-sm-6 cws-column\"><div class=\"cws_vc_column-inner\"><div class=\"wpb_column vc_column_container vc_col-sm-6\"><div class=\"vc_column-inner\"><div class=\"wpb_wrapper\">\n\t<div class=\"wpb_text_column wpb_content_element\" >\n\t\t<div class=\"wpb_wrapper\">\n\t\t\t<h2>Diviseur de d\u00e9bit \u00e0 v\u00e9rins<\/h2>\n<p>Les diviseurs de d\u00e9bit \u00e0 v\u00e9rins appartiennent \u00e0 la famille des diviseurs de d\u00e9bit hydrauliques et permettent une r\u00e9gulation simple des s\u00e9quences de mouvement de plusieurs v\u00e9rins hydrauliques sans commande \u00e9lectronique complexe.<br \/>\nAlors que les diviseurs de d\u00e9bit classiques (\u00e0 bobine ou \u00e0 engrenage) garantissent une pr\u00e9cision de 20 \u00e0 5 % au mieux, les diviseurs de d\u00e9bit \u00e0 cylindre sont pr\u00e9cis \u00e0 100 %.<br \/>\newo Fluid Power GmbH a d\u00e9velopp\u00e9 et brevet\u00e9 un syst\u00e8me modulaire unique pour les diviseurs de d\u00e9bit \u00e0 cylindre, dans lequel le nombre de consommateurs peut \u00eatre s\u00e9lectionn\u00e9 selon les besoins, la ventilation est contr\u00f4l\u00e9e automatiquement et, malgr\u00e9 cela, les co\u00fbts de fabrication sont maintenus bas!<br \/>\nLaissez notre \u00e9quipe vous conseiller!<\/p>\n\n\t\t<\/div>\n\t<\/div>\n<div class='sc_button_wrapper align-center mobile-align-center'><div id='cws_vc_shortcode_button_69fb44469fad0' class='cws_custom_button_wrapper cws_sc_button regular default'><span><a href='https:\/\/ewo-fluid-power.de\/fr\/kontakt\/' class='cws_custom_button'><span>Contact<\/span><\/a><\/span><\/div><\/div><\/div><\/div><\/div><!-- CWS Column --> <\/div><\/div><div class=\"wpb_column vc_column_container vc_col-sm-6 cws-column\"><div class=\"cws_vc_column-inner\"><div class=\"wpb_column vc_column_container vc_col-sm-6\"><div class=\"vc_column-inner\"><div class=\"wpb_wrapper\">\n\t<div  class=\"wpb_single_image wpb_content_element vc_align_center\">\n\t\t\n\t\t<figure class=\"wpb_wrapper vc_figure\">\n\t\t\t<div class=\"vc_single_image-wrapper   vc_box_border_grey\"><img width=\"2560\" height=\"1707\" src=\"https:\/\/ewo-fluid-power.de\/wp-content\/uploads\/2021\/03\/20EWO2476x-scaled.jpg\" class=\"vc_single_image-img attachment-full\" alt=\"\" decoding=\"async\" loading=\"lazy\" srcset=\"https:\/\/ewo-fluid-power.de\/wp-content\/uploads\/2021\/03\/20EWO2476x-scaled.jpg 2560w, https:\/\/ewo-fluid-power.de\/wp-content\/uploads\/2021\/03\/20EWO2476x-300x200.jpg 300w, https:\/\/ewo-fluid-power.de\/wp-content\/uploads\/2021\/03\/20EWO2476x-1024x683.jpg 1024w, https:\/\/ewo-fluid-power.de\/wp-content\/uploads\/2021\/03\/20EWO2476x-768x512.jpg 768w, https:\/\/ewo-fluid-power.de\/wp-content\/uploads\/2021\/03\/20EWO2476x-1536x1024.jpg 1536w, https:\/\/ewo-fluid-power.de\/wp-content\/uploads\/2021\/03\/20EWO2476x-2048x1365.jpg 2048w\" sizes=\"(max-width: 2560px) 100vw, 2560px\" \/><\/div>\n\t\t<\/figure>\n\t<\/div>\n<\/div><\/div><\/div><!-- CWS Column --> <\/div><\/div><\/div><\/div>","protected":false},"excerpt":{"rendered":"Zylindermengenteiler Zylindermengenteiler geh\u00f6ren zur Familie der Hydraulikmengenteiler und erm\u00f6glichen eine einfache Regulierung von Bewegungsabl\u00e4ufen mehrerer Hydraulikzylinder ohne aufwendige elektronische Steuerung. W\u00e4hrend die \u00fcblichen Mengenteiler (Steuerkolben oder Zahnrad) Genauigkeiten von 20 bis bestenfalls 5% garantieren, sind Zylindermengenteiler 100% genau. ewo Fluid Power GmbH hat ein einzigartiges Baukastensystem f\u00fcr Zylindermengenteiler entwickelt und patentrechtlich sch\u00fctzen lassen, bei dem die Anzahl an Verbrauchern \u201efast beliebig\u201c gew\u00e4hlt werden kann, die Entl\u00fcftung automatisch geregelt wird und desto trotz die Herstellkosten geringgehalten werden! Lassen Sie sich von unserem Team beraten! Kontakt","protected":false},"author":1,"featured_media":0,"parent":0,"menu_order":0,"comment_status":"closed","ping_status":"closed","template":"","meta":[],"_links":{"self":[{"href":"https:\/\/ewo-fluid-power.de\/fr\/wp-json\/wp\/v2\/pages\/4157"}],"collection":[{"href":"https:\/\/ewo-fluid-power.de\/fr\/wp-json\/wp\/v2\/pages"}],"about":[{"href":"https:\/\/ewo-fluid-power.de\/fr\/wp-json\/wp\/v2\/types\/page"}],"author":[{"embeddable":true,"href":"https:\/\/ewo-fluid-power.de\/fr\/wp-json\/wp\/v2\/users\/1"}],"replies":[{"embeddable":true,"href":"https:\/\/ewo-fluid-power.de\/fr\/wp-json\/wp\/v2\/comments?post=4157"}],"version-history":[{"count":3,"href":"https:\/\/ewo-fluid-power.de\/fr\/wp-json\/wp\/v2\/pages\/4157\/revisions"}],"predecessor-version":[{"id":4161,"href":"https:\/\/ewo-fluid-power.de\/fr\/wp-json\/wp\/v2\/pages\/4157\/revisions\/4161"}],"wp:attachment":[{"href":"https:\/\/ewo-fluid-power.de\/fr\/wp-json\/wp\/v2\/media?parent=4157"}],"curies":[{"name":"wp","href":"https:\/\/api.w.org\/{rel}","templated":true}]}}