{"id":4164,"date":"2021-03-24T11:36:22","date_gmt":"2021-03-24T10:36:22","guid":{"rendered":"https:\/\/ewo-fluid-power.de\/?page_id=4164"},"modified":"2022-01-14T10:52:29","modified_gmt":"2022-01-14T09:52:29","slug":"abstutzzylinder","status":"publish","type":"page","link":"https:\/\/ewo-fluid-power.de\/fr\/abstutzzylinder\/","title":{"rendered":"V\u00e9rins de b\u00e9quille"},"content":{"rendered":"<!-- CWS Row --><div class=\"cws-content\" style=\"background-size:;\"><div class=\"vc_row wpb_row vc_row-fluid\"><div class=\"wpb_column vc_column_container vc_col-sm-6 cws-column\"><div class=\"cws_vc_column-inner\"><div class=\"wpb_column vc_column_container vc_col-sm-6\"><div class=\"vc_column-inner\"><div class=\"wpb_wrapper\">\n\t<div class=\"wpb_text_column wpb_content_element\" >\n\t\t<div class=\"wpb_wrapper\">\n\t\t\t<h2>V\u00e9rins de b\u00e9quille<\/h2>\n<p>Nous proposons des v\u00e9rins de soutien adapt\u00e9s \u00e0 vos besoins, du simple v\u00e9rin standard disponible imm\u00e9diatement aux solutions de haute technologie avec \u00e9lectronique int\u00e9gr\u00e9e.<br \/>\nTous les cylindres de support sont disponibles \u00e0 court terme.<\/p>\n\n\t\t<\/div>\n\t<\/div>\n<\/div><\/div><\/div><!-- CWS Column --> <\/div><\/div><div class=\"wpb_column vc_column_container vc_col-sm-6 cws-column\"><div class=\"cws_vc_column-inner\"><div class=\"wpb_column vc_column_container vc_col-sm-6\"><div class=\"vc_column-inner\"><div class=\"wpb_wrapper\">\n\t<div  class=\"wpb_single_image wpb_content_element vc_align_center\">\n\t\t\n\t\t<figure class=\"wpb_wrapper vc_figure\">\n\t\t\t<div class=\"vc_single_image-wrapper   vc_box_border_grey\"><img width=\"2560\" height=\"1707\" src=\"https:\/\/ewo-fluid-power.de\/wp-content\/uploads\/2021\/03\/20EWO2441x-scaled.jpg\" class=\"vc_single_image-img attachment-full\" alt=\"\" decoding=\"async\" loading=\"lazy\" srcset=\"https:\/\/ewo-fluid-power.de\/wp-content\/uploads\/2021\/03\/20EWO2441x-scaled.jpg 2560w, https:\/\/ewo-fluid-power.de\/wp-content\/uploads\/2021\/03\/20EWO2441x-300x200.jpg 300w, https:\/\/ewo-fluid-power.de\/wp-content\/uploads\/2021\/03\/20EWO2441x-1024x683.jpg 1024w, https:\/\/ewo-fluid-power.de\/wp-content\/uploads\/2021\/03\/20EWO2441x-768x512.jpg 768w, https:\/\/ewo-fluid-power.de\/wp-content\/uploads\/2021\/03\/20EWO2441x-1536x1024.jpg 1536w, https:\/\/ewo-fluid-power.de\/wp-content\/uploads\/2021\/03\/20EWO2441x-2048x1365.jpg 2048w\" sizes=\"(max-width: 2560px) 100vw, 2560px\" \/><\/div>\n\t\t<\/figure>\n\t<\/div>\n<\/div><\/div><\/div><!-- CWS Column --> <\/div><\/div><\/div><\/div><!-- CWS Row --><div class=\"cws-content\" style=\"background-size:;\"><div class=\"vc_row wpb_row vc_row-fluid\"><div class=\"wpb_column vc_column_container vc_col-sm-12 cws-column\"><div class=\"cws_vc_column-inner\"><div class=\"wpb_column vc_column_container vc_col-sm-12\"><div class=\"vc_column-inner\"><div class=\"wpb_wrapper\"><div class=\"vc_empty_space\"   style=\"height: 32px\"><span class=\"vc_empty_space_inner\"><\/span><\/div>\n\t<div class=\"wpb_text_column wpb_content_element\" >\n\t\t<div class=\"wpb_wrapper\">\n\t\t\t<p>Vous trouverez un aper\u00e7u ici:<\/p>\n\n\t\t<\/div>\n\t<\/div>\n<div id='cws_vc_shortcode_acc_69dec0cfdb259'><div class=\"vc_tta-container\" data-vc-action=\"collapse\"><div class=\"vc_general vc_tta vc_tta-accordion vc_tta-o-shape-group vc_tta-controls-align-left\"><div class=\"vc_tta-panels-container\"><div class=\"vc_tta-panels\"><div class=\"vc_tta-panel vc_active\" id=\"1615892468941-f232e109-0bc0\" data-vc-content=\".vc_tta-panel-body\"><div class=\"vc_tta-panel-heading\"><h4 class=\"vc_tta-panel-title vc_tta-controls-icon-position-left\"><a href=\"#1615892468941-f232e109-0bc0\" data-vc-accordion data-vc-container=\".vc_tta-container\"><span class=\"vc_tta-title-text\">V\u00e9rins de b\u00e9quille s\u00e9rie l\u00e9g\u00e8re avec soupape de s\u00e9curit\u00e9 externe<\/span><i class=\"vc_tta-controls-icon vc_tta-controls-icon-plus\"><\/i><\/a><\/h4><\/div><div class=\"vc_tta-panel-body\"><\/div><\/div><div class=\"vc_tta-panel\" id=\"1615892468970-aab555f1-cd31\" data-vc-content=\".vc_tta-panel-body\"><div class=\"vc_tta-panel-heading\"><h4 class=\"vc_tta-panel-title vc_tta-controls-icon-position-left\"><a href=\"#1615892468970-aab555f1-cd31\" data-vc-accordion data-vc-container=\".vc_tta-container\"><span class=\"vc_tta-title-text\">V\u00e9rins de b\u00e9quille s\u00e9rie lourde avec alimentation d\u00b4huile int\u00e9gr\u00e9e et soupape(s) de s\u00e9curit\u00e9<\/span><i class=\"vc_tta-controls-icon vc_tta-controls-icon-plus\"><\/i><\/a><\/h4><\/div><div class=\"vc_tta-panel-body\"><\/div><\/div><div class=\"vc_tta-panel\" id=\"1615892549480-ef9e947c-cfc3\" data-vc-content=\".vc_tta-panel-body\"><div class=\"vc_tta-panel-heading\"><h4 class=\"vc_tta-panel-title vc_tta-controls-icon-position-left\"><a href=\"#1615892549480-ef9e947c-cfc3\" data-vc-accordion data-vc-container=\".vc_tta-container\"><span class=\"vc_tta-title-text\">V\u00e9rins de b\u00e9quille t\u00e9lescopiques s\u00e9rie lourde avec alimentation d\u00b4huile et soupape(s) de s\u00e9curit\u00e9 int\u00e9gr\u00e9es<\/span><i class=\"vc_tta-controls-icon vc_tta-controls-icon-plus\"><\/i><\/a><\/h4><\/div><div class=\"vc_tta-panel-body\"><\/div><\/div><div class=\"vc_tta-panel\" id=\"1615892583876-50062627-b21f\" data-vc-content=\".vc_tta-panel-body\"><div class=\"vc_tta-panel-heading\"><h4 class=\"vc_tta-panel-title vc_tta-controls-icon-position-left\"><a href=\"#1615892583876-50062627-b21f\" data-vc-accordion data-vc-container=\".vc_tta-container\"><span class=\"vc_tta-title-text\">V\u00e9rins de soutien avec une s\u00e9curit\u00e9 redondante et jusqu'\u00e0 40% de puissance de levage en plus!<\/span><i class=\"vc_tta-controls-icon vc_tta-controls-icon-plus\"><\/i><\/a><\/h4><\/div><div class=\"vc_tta-panel-body\"><\/div><\/div><div class=\"vc_tta-panel\" id=\"1616582115413-f2c930ba-e6ac\" data-vc-content=\".vc_tta-panel-body\"><div class=\"vc_tta-panel-heading\"><h4 class=\"vc_tta-panel-title vc_tta-controls-icon-position-left\"><a href=\"#1616582115413-f2c930ba-e6ac\" data-vc-accordion data-vc-container=\".vc_tta-container\"><span class=\"vc_tta-title-text\">\"V\u00e9rins trompe d\u00b4\u00e9l\u00e9phant\": Le nouveau syst\u00e8me de v\u00e9rin de levage pour une plus grande hauteur de levage et une meilleure garde au sol!<\/span><i class=\"vc_tta-controls-icon vc_tta-controls-icon-plus\"><\/i><\/a><\/h4><\/div><div class=\"vc_tta-panel-body\"><\/div><\/div><\/div><\/div><\/div><\/div><\/div><\/div><\/div><\/div><!-- CWS Column --> <\/div><\/div><\/div><\/div><!-- CWS Row --><div class=\"cws-content\" style=\"background-size:;\"><div class=\"vc_row wpb_row vc_row-fluid\"><div class=\"wpb_column vc_column_container vc_col-sm-12 cws-column\"><div class=\"cws_vc_column-inner\"><div class=\"wpb_column vc_column_container vc_col-sm-12\"><div class=\"vc_column-inner\"><div class=\"wpb_wrapper\"><div class=\"vc_empty_space\"   style=\"height: 32px\"><span class=\"vc_empty_space_inner\"><\/span><\/div><div id='cws_divider_69dec0cfdbcf9' class='separator-wrapper'><hr style='height:1px;'><\/div><div class=\"vc_empty_space\"   style=\"height: 32px\"><span class=\"vc_empty_space_inner\"><\/span><\/div>\n\t<div class=\"wpb_text_column wpb_content_element\" >\n\t\t<div class=\"wpb_wrapper\">\n\t\t\t<h2>V\u00e9rin de b\u00e9quille eDrawing<\/h2>\n\n\t\t<\/div>\n\t<\/div>\n<\/div><\/div><\/div><!-- CWS Column --> <\/div><\/div><\/div><\/div><!-- CWS Row --><div class=\"cws-content\" style=\"background-size:;\"><div class=\"vc_row wpb_row vc_row-fluid\"><div class=\"wpb_column vc_column_container vc_col-sm-4\/5 cws-column\"><div class=\"cws_vc_column-inner\"><div class=\"wpb_column vc_column_container vc_col-sm-4\/5\"><div class=\"vc_column-inner\"><div class=\"wpb_wrapper\">\n\t<div class=\"wpb_text_column wpb_content_element\" >\n\t\t<div class=\"wpb_wrapper\">\n\t\t\t<p>Indice :<br \/>\nDes messages d'erreur peuvent parfois se produire lors de l'ex\u00e9cution des fichiers eDrawing. Cela est principalement d\u00fb aux scanners de virus install\u00e9s et activ\u00e9s localement.<\/p>\n<p>&nbsp;<\/p>\n\n\t\t<\/div>\n\t<\/div>\n<\/div><\/div><\/div><!-- CWS Column --> <\/div><\/div><div class=\"wpb_column vc_column_container vc_col-sm-1\/5 cws-column\"><div class=\"cws_vc_column-inner\"><div class=\"wpb_column vc_column_container vc_col-sm-1\/5\"><div class=\"vc_column-inner\"><div class=\"wpb_wrapper\">\n\t<div class=\"wpb_text_column wpb_content_element\" >\n\t\t<div class=\"wpb_wrapper\">\n\t\t\t<p><a href=\"https:\/\/ewo-fluid-power.de\/fr\/downloads\/eDrawing_Beispiel.exe\/\"><img decoding=\"async\" src=\"https:\/\/www.ewo-fluid-power.de\/images\/zylinder\/2_doppelwirkendeZylinder\/edrawing_7040ra150hub.jpg\" alt=\"edrawing 7040ra150hub\" \/><\/a><\/p>\n\n\t\t<\/div>\n\t<\/div>\n<\/div><\/div><\/div><!-- CWS Column --> <\/div><\/div><\/div><\/div>","protected":false},"excerpt":{"rendered":"Abst\u00fctzzylinder Wir bieten Ihnen Abst\u00fctzzylinder auf Ihrem Bedarf abgestimmt, von einfachen sofort lieferbaren Standardzylindern bis zur High-Tech-L\u00f6sung mit integrierter Elektronik. Alle Abst\u00fctzzylinder sind kurzfristig lieferbar. Hier finden Sie eine \u00dcbersicht: Abst\u00fctzzylinder leichte Reihe mit au\u00dfen verrohrtem SicherheitsventilAbst\u00fctzzylinder schwere Reihe mit integrierter \u00d6lzuf\u00fchrung und Sicherheitsventil(en)Teleskopzylinder schwere Reihe mit integrierter \u00d6lzuf\u00fchrung und Sicherheitsventil(en)Abst\u00fctzzylinder mit redundanter Sicherheit und bis zu 40% mehr Hebekraft!\u201eElefenantenr\u00fcssel-Hubst\u00fctze\u201c: Die neue Hubst\u00fctze f\u00fcr mehr Hubh\u00f6he bei maximaler Bodenfreiheit! eDrawing Abst\u00fctzzylinder Hinweis: Teilweise kann es beim Ausf\u00fchren der eDrawing-Dateien zu Fehlermeldungen kommen. Dies h\u00e4ngt zumeist mit lokal installierten und aktivierten Virenscannern zusammen. &nbsp;","protected":false},"author":1,"featured_media":0,"parent":0,"menu_order":0,"comment_status":"closed","ping_status":"closed","template":"","meta":[],"_links":{"self":[{"href":"https:\/\/ewo-fluid-power.de\/fr\/wp-json\/wp\/v2\/pages\/4164"}],"collection":[{"href":"https:\/\/ewo-fluid-power.de\/fr\/wp-json\/wp\/v2\/pages"}],"about":[{"href":"https:\/\/ewo-fluid-power.de\/fr\/wp-json\/wp\/v2\/types\/page"}],"author":[{"embeddable":true,"href":"https:\/\/ewo-fluid-power.de\/fr\/wp-json\/wp\/v2\/users\/1"}],"replies":[{"embeddable":true,"href":"https:\/\/ewo-fluid-power.de\/fr\/wp-json\/wp\/v2\/comments?post=4164"}],"version-history":[{"count":4,"href":"https:\/\/ewo-fluid-power.de\/fr\/wp-json\/wp\/v2\/pages\/4164\/revisions"}],"predecessor-version":[{"id":4286,"href":"https:\/\/ewo-fluid-power.de\/fr\/wp-json\/wp\/v2\/pages\/4164\/revisions\/4286"}],"wp:attachment":[{"href":"https:\/\/ewo-fluid-power.de\/fr\/wp-json\/wp\/v2\/media?parent=4164"}],"curies":[{"name":"wp","href":"https:\/\/api.w.org\/{rel}","templated":true}]}}