{"id":4170,"date":"2021-03-24T11:48:33","date_gmt":"2021-03-24T10:48:33","guid":{"rendered":"https:\/\/ewo-fluid-power.de\/?page_id=4170"},"modified":"2022-01-14T10:53:33","modified_gmt":"2022-01-14T09:53:33","slug":"ewolift","status":"publish","type":"page","link":"https:\/\/ewo-fluid-power.de\/fr\/ewolift\/","title":{"rendered":"ewolift"},"content":{"rendered":"<!-- CWS Row --><div class=\"cws-content\" style=\"background-size:;\"><div class=\"vc_row wpb_row vc_row-fluid\"><div class=\"wpb_column vc_column_container vc_col-sm-12 cws-column\"><div class=\"cws_vc_column-inner\"><div class=\"wpb_column vc_column_container vc_col-sm-12\"><div class=\"vc_column-inner\"><div class=\"wpb_wrapper\">\n\t<div class=\"wpb_text_column wpb_content_element\" >\n\t\t<div class=\"wpb_wrapper\">\n\t\t\t<h2>ewolift<\/h2>\n<p>Les solutions \"ewolift \" sont destin\u00e9es actuellement en particulier \u00e0 la construction de v\u00e9hicules d'autonomie et\/ou de loisirs, comme les camping-cars et les caravanes.<\/p>\n<p>\"ewolift\" est devenue une r\u00e9f\u00e9rence dans ce March\u00e9, mais continue \u00e0 d\u00e9velopper en permanence, et donc en coop\u00e9ration avec la soci\u00e9t\u00e9 s\u0153ur ASIMO GmbH, de nouvelles solutions hydrauliques dans d'autres domaines de la vie courrante, notamment dans la sant\u00e9 et moyens adapt\u00e9s aux soins et la mobilit\u00e9 des personnes \u00e2g\u00e9es.<\/p>\n<p>Laissez-nous vous surprendre!<\/p>\n\n\t\t<\/div>\n\t<\/div>\n<\/div><\/div><\/div><!-- CWS Column --> <\/div><\/div><\/div><\/div>","protected":false},"excerpt":{"rendered":"ewolift Die \u201eewolift-L\u00f6sungen\u201c betreffen momentan insbesondere den Bereich Fahrzeugbau und die Freizeitmobile, wie Wohnmobile und Wohnw\u00e4gen. \u201eewolift\u201c steht f\u00fcr Liftl\u00f6sungen und entwickelt kontinuierlich und konsequent in Zusammenarbeit mit dem Schwesterunternehmen ASIMO GmbH in weiteren Lebensbereichen neue Liftl\u00f6sungen, u.a. im Pflegebereich und in der Mobilit\u00e4t im Alter. Lassen Sie sich \u00fcberraschen!","protected":false},"author":1,"featured_media":0,"parent":0,"menu_order":0,"comment_status":"closed","ping_status":"closed","template":"","meta":[],"_links":{"self":[{"href":"https:\/\/ewo-fluid-power.de\/fr\/wp-json\/wp\/v2\/pages\/4170"}],"collection":[{"href":"https:\/\/ewo-fluid-power.de\/fr\/wp-json\/wp\/v2\/pages"}],"about":[{"href":"https:\/\/ewo-fluid-power.de\/fr\/wp-json\/wp\/v2\/types\/page"}],"author":[{"embeddable":true,"href":"https:\/\/ewo-fluid-power.de\/fr\/wp-json\/wp\/v2\/users\/1"}],"replies":[{"embeddable":true,"href":"https:\/\/ewo-fluid-power.de\/fr\/wp-json\/wp\/v2\/comments?post=4170"}],"version-history":[{"count":3,"href":"https:\/\/ewo-fluid-power.de\/fr\/wp-json\/wp\/v2\/pages\/4170\/revisions"}],"predecessor-version":[{"id":4297,"href":"https:\/\/ewo-fluid-power.de\/fr\/wp-json\/wp\/v2\/pages\/4170\/revisions\/4297"}],"wp:attachment":[{"href":"https:\/\/ewo-fluid-power.de\/fr\/wp-json\/wp\/v2\/media?parent=4170"}],"curies":[{"name":"wp","href":"https:\/\/api.w.org\/{rel}","templated":true}]}}